{"id":16,"date":"2007-07-05T11:25:15","date_gmt":"2007-07-05T09:25:15","guid":{"rendered":"http:\/\/bielefelder-baeume.marcant.net\/?page_id=16"},"modified":"2024-09-13T20:50:10","modified_gmt":"2024-09-13T18:50:10","slug":"termine","status":"publish","type":"page","link":"https:\/\/www.bielefelder-baeume.de\/?page_id=16","title":{"rendered":"Baum- und Naturwanderungen 2024"},"content":{"rendered":"<ul>\n<li><strong>Sonntag, 7. April 2024:<\/strong><br \/>\n<a href=\"https:\/\/www.bielefeld.jetzt\/node\/445775\"><strong>Radtour &#8222;13 B\u00e4che rund um Dornberg und Babenhausen&#8220;<\/strong><\/a><br \/>\nTreffpunkt 10 h am Parkplatz des Tierparks Olderdissen<br \/>\nDie 22 km lange Tour endet am Meierteich.<br \/>\nLeitung: Jens J\u00fcrgen Korff M. A. (Kontakt: jjk@klimakurs.org)<\/li>\n<li><strong>Samstag, 4. Mai 2024:<\/strong><br \/>\n<strong>Wanderung zu Bielefelds alten B\u00e4umen<\/strong><br \/>\n<strong>Rund um den Ostmannturm in Zartgr\u00fcn und Purpur<\/strong><br \/>\nTreffpukt 14 h an der Pauluskirche, August-Bebel-Stra\u00dfe<br \/>\nDauer 2 h<br \/>\nBeitrag 5 \u20ac<br \/>\nAnmeldung \u00fcber service@bund-bielefeld.de<br \/>\nLeitung: Sven Christeleit (Dipl.-Ing. (FH) f\u00fcr Landschaftsgestaltung)<br \/>\nWir bewandern die alten B\u00e4ume von der Pauluskirche aus, zum Ostmannturm, \u00fcber die Josefkirche und Freibad Wiesenbad bis zur Ravensberger Spinnerei. Botanisches, historisches, und Geschichten \u00fcber die B\u00e4ume heute und die Zeit, als sie gepflanzt wurden, stehen im Mittelpunkt der F\u00fchrung. Ebenso ihre klimarelevanten und \u00f6kologischen Bedeutungen und ihr Beitrag zur Biodiversit\u00e4t. Am Ende sollte jeder Teilnehmende eine Platane von einer Eiche oder Buche unterscheiden k\u00f6nnen.<\/li>\n<li><strong>Sonntag, 5. Mai 2024<br \/>\nBusexkursion\u00a0 in das Sauerland- Tagestour<\/strong><br \/>\n<strong>Im Reich der Goldeichen<\/strong><br \/>\nAbfahrt 8 Uhr am Busbahnhof- Kosten 30 Euro\u00a0 Anmeldung mwennemann(at)web.de \/ o179-229162o<br \/>\nWir besuchen unter anderem:<br \/>\n&#8211; Die\u00a0 450 j\u00e4hrige Linde im Muttergottesh\u00e4uschen bei Brunskappeln<br \/>\n&#8211; Den Waldpatriachen, die 400 j\u00e4hrige dicke Buche bei Krombach<br \/>\n&#8211; Die Goldeiche Quercus robur &#8218;Concordia&#8216; von deren es nur drei in Deutschland gibt<br \/>\nDenkmalBaum- Ein Projekt des Naturwissenschaftlichen Vereins Bielefeld<br \/>\nLeitung: Mathias Wennemann und Sven Christeleit<br \/>\n(mwennemann(at)web.de)\u00a0 \u00a0 (svenchristeleit(at)gmail.com)<\/li>\n<li><strong>Samstag\u00a0 29.6.2024 um 14: 00 Uhr <\/strong><\/li>\n<li><strong>BUND<\/strong> &#8211; Bund f\u00fcr Umwelt- und Naturschutz<br \/>\n<strong>Baumwanderung zu den \u00e4ltesten B\u00e4umen Bielefeld`s<br \/>\n<\/strong><strong>Treffpunkt alte Platane<\/strong> vor dem <strong>Kino Lichtwerk<\/strong> im Ravensbergerpark, Wanderung\u00a0 weiter entlang beachtlicher \u00a0Buchen- und Eichenveterane, bis zum \u00a0zum Alten Friedhof City mit seinen\u00a0 B\u00e4umen \u00a0und Insektenwohnst\u00e4tten, weiter \u00fcber den Urweltmammutbaum bis zu der beeindruckenden\u00a0 Platane an der Stra\u00dfenbahnhaltestelle Landgericht und \/oder je nachdem wie schnell wir sind, dem \u00e4ltesten Baum in der Innenstadt, der Linde von 1664. Es werden die B\u00e4ume botanisch beschrieben, kulturhistorisches zum Pflanzzeitpunkt und\u00a0 ihre Bedeutung f\u00fcr ihre Wirkung im Naturkreislauf erkl\u00e4rt sowie ihre \u00a0zentrale St\u00fctze in \u00a0der Biodiversit\u00e4t in der Stadt beschrieben. Inclusive Geschichten und Anekdoten und dem Ziel, dass alle Teilnehmenden eine Buche von einer Eiche unterscheiden k\u00f6nnen.<br \/>\nLeitung Sven Christeleit BUND- Ortsgruppen Bielefeld<br \/>\nBeitrag: 5 Euro<br \/>\nAnmeldung: nicht notwendig<\/li>\n<li><strong>Freitag 23. August 2024<\/strong><br \/>\n<strong>Baumwanderung Auf dem Calvinenfeld im Bielelefelder Osten mit der SPD<\/strong><br \/>\nDie neuen und alten B\u00e4ume in der alten Arbeitersiedlung<br \/>\nSPD Ortsverein Mitte Ost zusammen mit dem BUND- Bielefeld<br \/>\nLeitung: Dipl.- Ing. Sven Christeleit<br \/>\nZeit und Treffpunkt wird noch bekannt gegeben<\/li>\n<li><strong>Sonntag 29. September 2024<\/strong><br \/>\n<strong>Die 23. Busexkursion &#8211; Denk mal Baum Spezial: Baumveteranen &amp; Exoten vom Auetal bis zur Weser UND Besuch des naturnahen Zoos Saupark Springe<\/strong><\/p>\n<div>Unsere h\u00f6lzernen Zeitzeugen sind diesmal:<\/div>\n<div>\u00a0 \u00a0noch \u201eunentdeckte\u201c S\u00fcntelbuchen in Lauenau, die durch ihren m\u00e4rchenhaften Wuchs begeistern,<\/div>\n<div>\u00a0 \u00a0der Park des Schlosses M\u00fcnchhausen mit seinen \u2013 ohne \u00dcbertreibung \u2013 pr\u00e4chtigen Baumexoten,<\/div>\n<div>\u00a0 \u00a0die Eibe im Abteigarten des 1000j. Klosters Fischbeck, eine der dicksten des Landes (700 Jahre, 4,77 m),<\/div>\n<div>\u00a0 die himmelhohe Ahornbl\u00e4ttrige Platane am Kloster Fischbeck (200 Jahre, 5,55 m Umfang),<\/div>\n<div>\u00a0 die umfangreiche Geh\u00f6lzsammlung im Ohrbergpark auf dem Hochufer der Weser (65 Exoten neben heimischen Eichen und Ahornen als Uraltb\u00e4ume, bis 6m Umfang),<\/div>\n<div>\u00a0 die Blutbuche im Ohrbergpark (ca.220 Jahre, 6,12 m),<\/div>\n<div>\u00a0 die Ahornbl\u00e4ttrige Platane bei Ohr, die zweitgr\u00f6\u00dfte Deutschlands (ca.200-300 Jahre, 9,00 m),<\/div>\n<div>\u00a0 die Franz-Ferdinand-Eiche im Saupark Springe (350 Jahre, 6,40 m) und weitere alte Buchen, Eichen\u00a0und Hainbuchen.<\/div>\n<div>Nebenbei gibt es wieder Geschichten und Wissenswertes zum Thema B\u00e4ume.<\/div>\n<div>Der Teilnehmerbeitrag betr\u00e4gt 40 Euro inklusive Eintritt f\u00fcr den Saupark Springe.<\/div>\n<div>Verg\u00fcnstigungen gibt es f\u00fcr Vereinsmitglieder (25 Euro) oder Kinder siehe Anhang.<\/div>\n<div>Fahren wird uns Eventtours R\u00f6dinghausen. Der Bus ist klimatisiert und verf\u00fcgt \u00fcber Bordk\u00fcche und Toilette.<\/div>\n<div><strong>Abfahrtzeit: So, den 29. September, p\u00fcnktlich um 8.00Uhr.<\/strong><\/div>\n<div>Startpunkt: Bahnhofsvorplatz in Bielefeld-Brackwede, Eisenbahnstra\u00dfe 42<\/div>\n<div>R\u00fcckkehr: gegen 19.00Uhr<\/div>\n<div>Anmeldung unter mwennnemann@web.de oder unter 0179- 22 91 620.<\/div>\n<div>Sven Christeleit &amp; Mathias Wennemann<\/div>\n<\/li>\n<li><strong>Kontakt zu Baumf\u00fchrungen in und um Bielefeld:<\/strong><br \/>\n<em>Sven Christeleit<\/em><br \/>\n<em>Dipl.-Ing. (FH) Gartenarchitektur und Landschaftsplanung,<\/em><br \/>\n<em>Landschaftsg\u00e4rtner, Geomant<\/em><br \/>\n<em>svenchristeleit(at)gmail.com\u00a0 AB: o521 2376o9<\/em><\/li>\n<\/ul>\n<h2><\/h2>\n<h2><\/h2>\n<h2>R\u00fcckblick 2023<\/h2>\n<ul>\n<li>Samstag, 28. Oktober 2023:<br \/>\n<a href=\"https:\/\/bielefeld.bund.net\/service\/termine\/detail\/event\/baumwanderung-bielefelder-herbstfarben\/\"><strong>Herbstfarben und Herbstgedanken an Bielefelder Baumveteranen<\/strong><\/a><br \/>\nWanderung zu den sch\u00f6nsten und \u00e4ltesten B\u00e4umen der Bielefelder Innenstadt mit Sven Christeleit<br \/>\nStart 14 h Alter Friedhof Jahnplatz. Teilnahmebeitrag 5 \u20ac<\/li>\n<li>Samstag, 6. Mai 2023:<br \/>\n<strong>Bielefelder B\u00e4ume in Zartgr\u00fcn und Purpur<\/strong><br \/>\nWanderung zu den sch\u00f6nsten und \u00e4ltesten B\u00e4umen der Bielefelder Innenstadt mit Sven Christeleit<br \/>\nStart 14 h Ravensberger Park (Lichtwerk) (5 \u20ac, Kinder kostenfrei). Bitte Anmeldung <a href=\"mailto:service@bund-bielefeld.de\">per Mail<\/a>. Mit den Einnahmen wird die Pflanzung von Protestb\u00e4umen in Bielefeld finanziert. Details beim <a href=\"https:\/\/bielefeld.bund.net\/service\/termine\/detail\/event\/wanderung-bielefelder-baeume-in-zartgruen-und-purpur-1\/\">BUND Bielefeld<\/a><\/li>\n<\/ul>\n<h2>R\u00fcckblick 2022<\/h2>\n<ul>\n<li>Samstag, 2. Juli 2022:<br \/>\n<strong>Im sanften Schatten Bielefelder B\u00e4ume<\/strong><br \/>\nWanderung zu den sch\u00f6nsten und \u00e4ltesten B\u00e4umen der Bielefelder Innenstadt mit Sven Christeleit<br \/>\nStart 14 h Alter Friedhof am Jahnplatz (Friedrich-Verleger-Str.), Ende im Kunsthallenpark.\u00a0 Bitte Anmeldung <a href=\"mailto:service@bund-bielefeld.de\">per Mail<\/a>. Geb\u00fchr 5 \u20ac, Kinder kostenfrei. Mit den Einnahmen wird die Pflanzung von Protestb\u00e4umen in Bielefeld finanziert.<\/li>\n<li>Samstag, 22. Oktober 2022:<br \/>\n<strong style=\"font-size: inherit;\">Baumwanderung &#8222;Bielefelder Herbstfarben&#8220;<\/strong><span style=\"font-size: inherit;\"><br \/>\n14 h, Treffpunkt Friedenslinde neben der Neust\u00e4dter Marienkirche (Kreuzstra\u00dfe). Geb\u00fchr 5 \u20ac. <a href=\"https:\/\/bielefeld.bund.net\/service\/termine\/detail\/event\/baumwanderung-bielefelder-herbstfarben\/\">Details beim BUND Bielefeld<\/a>\u00a0<\/span><\/li>\n<\/ul>\n<p>Termine und Orte werden hier und beim <a href=\"https:\/\/bielefeld.bund.net\">BUND Bielefeld<\/a> rechtzeitig bekannt gegeben.<\/p>\n<p>Wer vom sicheren Sofa aus die <strong>Bielefelder Bachlandschaften<\/strong> erkunden will, hat dazu viel mehr Gelegenheit als fr\u00fcher: Auf <a href=\"http:\/\/www.bielefelder-baeche.de\">www.bielefelder-baeche.de<\/a> sind 25 Bielefelder B\u00e4che ausf\u00fchrlich portr\u00e4tiert. Ein Heimatscheck der Landesregierung, sowie viel Enthusiasmus und Geduld verschiedener Beteiligter, haben es m\u00f6glich gemacht.<\/p>\n<h2>R\u00fcckblick 2020<\/h2>\n<p>Leider vermasselte uns das vermaledeite Virus die <strong>Fr\u00fchjahrssaison 2020<\/strong>.<\/p>\n<ul>\n<li>F\u00fcr Samstag, den 18. April 2020, war vorgesehen:<br \/>\nRadtour zu zehn B\u00e4chen rund um Bielefeld-Ost und Heepen mit Jens J. Korff.<br \/>\nStart 11 h am Lutter-Stauteich I, Lohkampstr. (10 \u20ac, Kinder- und Sozialtarif 5 \u20ac)<\/li>\n<li>F\u00fcr Sonntag, den 19. April 2020, war vorgesehen:<br \/>\nRadtour zu acht B\u00e4chen rund um Brackwede, Quelle und Ummeln mit Jens J. Korff.<br \/>\nStart 10 h an der Lutterquelle am Nordausgang des Bahnhofs Brackwede (10 \u20ac,\u00a0 Kinder- und Sozialtarif 5 \u20ac)<\/li>\n<li>F\u00fcr Samstag, 25. April 2020, war vorgesehen:<br \/>\n<a href=\"https:\/\/bielefeld.bund.net\/service\/termine\/detail\/event\/wanderung-bielefelder-baeume-in-zartgruen-und-purpur\">Bielefelder B\u00e4ume in Zartgr\u00fcn und Purpur<\/a><br \/>\nWanderung zu den sch\u00f6nsten und \u00e4ltesten B\u00e4umen der Bielefelder Innenstadt mit Sven Christeleit<br \/>\nStart 14 h Ravensberger Park (Lichtwerk) (5 \u20ac, Kinder kostenfrei).<\/li>\n<\/ul>\n<p><strong>Alle drei Termine wurden abgesagt.<\/strong><\/p>\n<h2>R\u00fcckblick 2019<\/h2>\n<p><strong>Sieben B\u00e4che, siebzehn B\u00e4ume rund um Sennestadt<\/strong><br \/>\nRadtour zur Natur: Sonntag, 7. April 2019, Start 10 Uhr am Sennestadthaus, Lindemannplatz. Mittagspause in einer Gastst\u00e4tte. Ende ca. 16 Uhr am Bahnhof Sennestadt, dann am Sennestadthaus. Teilnahmegeb\u00fchr 10 \u20ac (Kinder 5 \u20ac). <strong>Anfahrt per Bahn<\/strong> m\u00f6glich mit RB 74 Richtung Paderborn: Bielefeld Hbf ab 9.34 h; Brackwede ab 9.39 h; Sennestadt an 9.49 h. Vom Bahnhof Sennestadt geht es gef\u00fchrt zum Sennestadthaus. R\u00fcckfahrt: Sennestadt ab 16.52 h, Bielefeld Hbf an 17.10 h.<\/p>\n<p><strong>Knospenrausch vom B\u00fcrgerpark zum Nordpark<br \/>\n<\/strong>Samstag, 20. April 2019: Vor-Osterspaziergang zur Stadtnatur. Gef\u00fchrte Wanderung zu den sch\u00f6nsten B\u00e4umen im Bielefelder Westen und Norden. Start 14 Uhr an der <a href=\"http:\/\/www.bielefelder-baeume.de\/?p=625\">H\u00e4ngebuche links von der Rudolf-Oetker-Halle<\/a>. Ende 17 Uhr im <a href=\"http:\/\/www.bielefelder-baeume.de\/?p=1672\">Nordpark<\/a> (Kaffee im Nordparkcaf\u00e9). Teilnahmegeb\u00fchr 7 \u20ac (Kinder frei)<\/p>\n<p><strong>15 Bielefelder B\u00e4che in einer Tour<br \/>\n<\/strong>Sonntag, 5. Mai 2019: Radtour zur Natur (<a href=\"https:\/\/bielefelder-baeche.de\/?p=119\">Johannisbach<\/a> &amp; Co.). Gef\u00fchrte Radtour von der Johannisbach-Quelle zum Meierteich. Start 10 Uhr am Tierpark Olderdissen, oberer Parkplatz. Mittagspause im Hofcaf\u00e9 Meyer zu M\u00fcdehorst. Ende ca. 16 Uhr am Meierteich (N\u00e4he Nordpark). Teilnahmegeb\u00fchr 10 \u20ac (Kinder 5 \u20ac)<\/p>\n<p><strong>Im k\u00fchlenden Schatten Bielefelder B\u00e4ume<br \/>\n<\/strong>Sonntag, 30. Juni 2019: Gef\u00fchrte Sommerwanderung vom <a href=\"http:\/\/www.bielefelder-baeume.de\/?p=859\">Alten Friedhof Jahnplatz<\/a> zum <a href=\"http:\/\/www.bielefelder-baeume.de\/?p=625\">B\u00fcrgerpark<\/a>. Start 10 Uhr am Alten Friedhof, Eingang Friedrich-Verleger-Stra\u00dfe. Ende ca. 16 Uhr im B\u00fcrgerpark (Caf\u00e9). Die Wanderung geht \u00fcber <a href=\"http:\/\/www.bielefelder-baeume.de\/?p=468\">Sparrenberg<\/a> und <a href=\"http:\/\/www.bielefelder-baeume.de\/?p=517\">Johannisberg<\/a>. Teilnahmegeb\u00fchr 10 \u20ac (Kinder frei).<\/p>\n<p><strong>Bielefelder Herbstfarben<\/strong><br \/>\nSonntag, 6. Oktober 2019: Gef\u00fchrte Wanderung zu den sch\u00f6nsten Bielefelder B\u00e4umen. Start 14 Uhr am <a href=\"http:\/\/www.bielefelder-baeume.de\/?p=859\">Alten Friedhof Jahnplatz<\/a>, Eingang Friedrich-Verleger-Stra\u00dfe. Ende ca. 16.30 Uhr im <a href=\"http:\/\/www.bielefelder-baeume.de\/?p=187\">Kunsthallenpark<\/a> (Caf\u00e9). Die Wanderung geht \u00fcber den <a href=\"http:\/\/www.bielefelder-baeume.de\/?p=468\">Sparrenberg<\/a>. Teilnahmegeb\u00fchr 7 \u20ac (Kinder frei).<\/p>\n<h2><strong>R\u00fcckblick 2015<\/strong><\/h2>\n<p><!--more--><strong>So, 27. September 2015, 08.00 &#8211; ca. 17.30 Uhr: Exkursion Denk mal Baum<\/strong><strong><br \/>\n<\/strong><br \/>\nKommen Sie mit auf eine Zeitreise in den <strong>Urwald Sababurg<\/strong>.<br \/>\nUns erwartet eine einzigartige Zusammenkunft alter Eichen, Buchen und Hainbuchen!<\/p>\n<p><i>Das 92 ha gro\u00dfe, recht abgelegene Naturschutzgebiet wurde noch im 19. Jahrhundert zum Weiden von Vieh genutzt. Viele<\/i> <i>der Baumveteranen sind hohl und befinden sich im Zerfallsprozess. Manche dieser lebenden<br \/>\n<\/i><\/p>\n<p><i> Holzgebirge wirken wie die Ruinen von Kathedralen. Neben Eichen, Buchen und merkw\u00fcrdig verdrehten Hainbuchen beeindrucken stattliche Fichten, \u00fcppige Adlerfarne, farbenpr\u00e4chtige Baumpilze und eine reichhaltige Waldflora.<\/i><\/p>\n<p>Unterwegs wollen wir au\u00dferdem folgende Baumveteranen besuchen und begr\u00fc\u00dfen:<br \/>\n&#8211; die Zw\u00f6lf-Apostel-Linde bei Gehrden (400-600 Jahre alt; 9,8 m Umfang)<br \/>\n&#8211; einen Berg-Ahorn in Gehrden und einen Spitz-Ahorn in Peckelsheim<br \/>\n&#8211; die alte Eichenallee beim Gut Beberbeck<br \/>\n&#8211; die dicken Margarethen, knorrige Huteeichen bei Beberbeck (360-600 Jahre alt; bis 9,6 m)<br \/>\nW\u00e4hrend des ca. 4 km langen Rundweges im Urwald ist eine Picknickpause geplant.<br \/>\nZum Abschluss besteht Gelegenheit zum Kaffeetrinken im Dornr\u00f6schenschloss Sababurg.<\/p>\n<p>Untermalt wird die Reise ins deutsche M\u00e4rchenland mit Texten aus Leben und Werk der Br\u00fcder<br \/>\nGrimm. Daneben gibt es nat\u00fcrlich wieder viele <b>Geschichten und Wissenswertes \u00fcber B\u00e4ume<\/b>.<\/p>\n<p><a href=\"http:\/\/www.bielefelder-baeume.de\/wp-content\/uploads\/2007\/07\/unnamed.jpg\"><img loading=\"lazy\" class=\"alignnone size-medium wp-image-1482\" src=\"http:\/\/www.bielefelder-baeume.de\/wp-content\/uploads\/2007\/07\/unnamed-300x199.jpg\" alt=\"unnamed\" width=\"300\" height=\"199\" srcset=\"https:\/\/www.bielefelder-baeume.de\/wp-content\/uploads\/2007\/07\/unnamed-300x199.jpg 300w, https:\/\/www.bielefelder-baeume.de\/wp-content\/uploads\/2007\/07\/unnamed-130x86.jpg 130w, https:\/\/www.bielefelder-baeume.de\/wp-content\/uploads\/2007\/07\/unnamed-640x426.jpg 640w, https:\/\/www.bielefelder-baeume.de\/wp-content\/uploads\/2007\/07\/unnamed.jpg 800w\" sizes=\"(max-width: 300px) 100vw, 300px\" \/><\/a><\/p>\n<p><strong>Sa, 10.10.2015: Stadtrundgang: Die alten B\u00e4ume Bielefelds erz\u00e4hlen uns ihre Geschichte(n)<\/strong><\/p>\n<p>Bemerkenswerte Bielefelder B\u00e4ume geben ihre Geheimnisse preis.<\/p>\n<p>Zeit: 14-16:30 Uhr<\/p>\n<p>Treffpunkt:\u00a0Alter Friedhof, Eingang Friedrich-Verleger-Str.<br \/>\n(Haltestelle Jahnplatz)<\/p>\n<p>F\u00fchrung: Jens J\u00fcrgen Korff &amp; Petra Schwenk. Mitglieder frei, sonst 3 \u20ac<\/p>\n<p>Ausrichter: <a href=\"http:\/\/www.nwv-bielefeld.de\/home\/programm-2015\/\">Naturwissenschaftlicher Verein f\u00fcr Bielefeld und Umgegend e.V.<\/a><\/p>\n<h2>R\u00fcckblick 2014<\/h2>\n<p><strong>Sa, 10. Mai 2014, 9.30 Uhr: Gro\u00dfe Baumwanderung &#8222;Das Zwitschern der B\u00e4ume&#8220; im satten Maigr\u00fcn<\/strong><\/p>\n<p>Erleben Sie ehrw\u00fcrdige Bielefelder B\u00e4ume als Zeitzeugen der bewegten Bielefelder Geschichte!<br \/>\nTreffpunkt Ravensberger Park (<a href=\"http:\/\/www.bielefelder-baeume.de\/?p=249\">H\u00e4ngebuche<\/a>). Die Strecke geht \u00fcber rd. 8 km (Dauer ca. 3 Stunden) und endet im B\u00fcrgerpark. Die weiteren Stationen:\u00a0<a href=\"http:\/\/www.bielefelder-baeume.de\/?p=859\">Blutbuche Friedhof Jahnplatz<\/a>,\u00a0<a href=\"http:\/\/www.bielefelder-baeume.de\/?p=183\">Platane Altst\u00e4dter Kirchplatz<\/a>,\u00a0<a href=\"http:\/\/www.bielefelder-baeume.de\/?p=233\">gro\u00dfe Platane am Niederwall<\/a>,\u00a0<a href=\"http:\/\/www.bielefelder-baeume.de\/?p=533\">Friedenslinde<\/a>,\u00a0<a href=\"http:\/\/www.bielefelder-baeume.de\/?p=468\">Kiekstadt-Esche<\/a>\u00a0an der Sparrenburg,\u00a0<a href=\"http:\/\/www.bielefelder-baeume.de\/?p=187\">Kunsthallen-Kastanie<\/a>,\u00a0<a href=\"http:\/\/www.bielefelder-baeume.de\/?p=560\">Johannisberg<\/a>,\u00a0<a href=\"http:\/\/www.bielefelder-baeume.de\/?p=625\">H\u00e4ngebuche im B\u00fcrgerpark<\/a>. Eintritt frei, um eine Spende wird gebeten. Die Tour ist Teil der Bielefelder Stadtjubil\u00e4umsaktion &#8222;<a href=\"http:\/\/www.zwitschern-der-baeume.de\">Das Zwitschern der B\u00e4ume<\/a>&#8222;.<\/p>\n<p><strong>So, 22. Juni 2014, 8 Uhr: Gro\u00dfe Baumwanderung &#8222;Das Zwitschern der B\u00e4ume&#8220; am Sommermorgen<\/strong><\/p>\n<p>Erleben Sie ehrw\u00fcrdige Bielefelder B\u00e4ume als Zeitzeugen der bewegten Bielefelder Geschichte!<br \/>\nTreffpunkt Ravensberger Park (<a href=\"http:\/\/www.bielefelder-baeume.de\/?p=249\">H\u00e4ngebuche<\/a>). Die Strecke geht \u00fcber rd. 8 km (Dauer ca. 3 Stunden) und endet im B\u00fcrgerpark. Die weiteren Stationen:\u00a0<a href=\"http:\/\/www.bielefelder-baeume.de\/?p=859\">Blutbuche Friedhof Jahnplatz<\/a>, <a href=\"http:\/\/www.bielefelder-baeume.de\/?p=183\">Platane Altst\u00e4dter Kirchplatz<\/a>, <a href=\"http:\/\/www.bielefelder-baeume.de\/?p=233\">gro\u00dfe Platane am Niederwall<\/a>, <a href=\"http:\/\/www.bielefelder-baeume.de\/?p=533\">Friedenslinde<\/a>, <a href=\"http:\/\/www.bielefelder-baeume.de\/?p=468\">Kiekstadt-Esche<\/a> an der Sparrenburg, <a href=\"http:\/\/www.bielefelder-baeume.de\/?p=187\">Kunsthallen-Kastanie<\/a>, <a href=\"http:\/\/www.bielefelder-baeume.de\/?p=560\">Johannisberg<\/a>,\u00a0<a href=\"http:\/\/www.bielefelder-baeume.de\/?p=625\">H\u00e4ngebuche im B\u00fcrgerpark<\/a>. Eintritt frei, um eine Spende wird gebeten. Die Tour ist Teil der Bielefelder Stadtjubil\u00e4umsaktion &#8222;<a href=\"http:\/\/www.zwitschern-der-baeume.de\">Das Zwitschern der B\u00e4ume<\/a>&#8222;.<\/p>\n<p><strong>214 B\u00e4ume (bzw. Baum-Standorte) haben wir bislang auf bielefelder-b\u00e4ume.de portr\u00e4tiert!<\/strong><\/p>\n<p>16 Fotografinnen und Fotografen sowie das Umweltamt der Stadt Bielefeld haben seit 2007\u00a0 mitgewirkt.<\/p>\n<p>Stand 23. Dezember 2011<\/p>\n<p><strong>Bielefelder B\u00e4ume auf Google Maps<\/strong><\/p>\n<p>Die Karte ist noch in Arbeit. Schrittweise wollen wir alle B\u00e4ume dort mit ihrem Foto eintragen. M\u00f6chten Sie dabei mitarbeiten? Dann wird die sch\u00f6ne Karte schneller fertig. <a href=\"mailto:info@korfftext.de\">Bitte hier per Mail<\/a>.<\/p>\n<p><iframe loading=\"lazy\" src=\"http:\/\/maps.google.com\/maps\/ms?hl=de&amp;ie=UTF8&amp;t=h&amp;msa=0&amp;msid=112901777245008991706.000496814460e3863c777&amp;ll=52.028416,8.54187&amp;spn=0.036966,0.072956&amp;z=13&amp;output=embed\" width=\"425\" height=\"350\" frameborder=\"0\" marginwidth=\"0\" marginheight=\"0\" scrolling=\"no\"><\/iframe><br \/>\n<small><a style=\"color: #0000ff; text-align: left;\" href=\"http:\/\/maps.google.com\/maps\/ms?hl=de&amp;ie=UTF8&amp;t=h&amp;msa=0&amp;msid=112901777245008991706.000496814460e3863c777&amp;ll=52.028416,8.54187&amp;spn=0.036966,0.072956&amp;z=13&amp;source=embed\">Bielefelder B\u00e4ume<\/a> auf einer gr\u00f6\u00dferen Karte anzeigen<\/small><\/p>\n<p><strong>Hohe B\u00e4ume in der Stra\u00dfe sch\u00fctzen vor Einbrechern <\/strong><\/p>\n<p>Amerikanische Wissenschaftler haben festgestellt, dass in Wohngebieten, wo hohe B\u00e4ume in der Stra\u00dfe stehen, weniger Einbr\u00fcche und andere Straftaten geschehen als sonst.\u00a0 Offenbar f\u00fchlen sich Kriminelle in solchen Stra\u00dfen eher beobachtet.<\/p>\n<p><a title=\"B\u00e4ume und Kriminalit\u00e4t\" href=\"http:\/\/www.wissenschaft.de\/wissenschaft\/news\/312270.html\">wissenschaft.de 3.11.2010<\/a><\/p>\n<p><strong>160 B\u00e4ume (bzw. Baum-Standorte) haben wir bislang auf bielefelder-b\u00e4ume.de portr\u00e4tiert!<\/strong><\/p>\n<p>15 Fotografinnen und Fotografen sowie das Umweltamt der Stadt Bielefeld haben seit 2007\u00a0 mitgewirkt.<\/p>\n<p>Stand 5. November 2010<\/p>\n<p><strong>Mit Herz und Hand f\u00fcr B\u00e4ume \/ Umweltbetrieb vergibt Patenschaften f\u00fcr 85.000 st\u00e4dtische B\u00e4ume<\/strong><\/p>\n<p>NW 27.10.2010 (Bielefeld): 85.000 B\u00e4ume brauchen Unterst\u00fctzung \u2013 mal mit ein paar Gie\u00dfkannen Wasser, mal mit Aufr\u00e4umen rundum, mal mit Bl\u00fcmchen, die am Stamm gepflanzt werden. Umweltdezernentin Anja Ritschel und Stefan Meyer von der Gr\u00fcnunterhaltung des\u00a0 Umweltbetriebs suchen B\u00fcrgerinnen und B\u00fcrger, die diese Aufgaben \u00fcbernehmen. Als Paten f\u00fcr ihren Baum. In Hannover hat sie diese Baum-Patenschaften bereits praktiziert, erkl\u00e4rt Anja Ritschel. Ein \u201epaar Hundert\u201c B\u00fcrger w\u00fcrden dort ehrenamtlich die Pflege selbst ausgesuchter, st\u00e4dtischer B\u00e4ume unterst\u00fctzen und ihr Amt \u201emit gro\u00dfem Engagement angehen\u201c. Das soll auch in Bielefeld nun m\u00f6glich sein. Und ein \u201eflankierendes Projekt\u201c f\u00fcr die freiwillige Baumerhaltungsrichtlinie sein, die die Stadt f\u00fcr ihre B\u00e4ume beschlossen hat, nachdem es keine Baumschutzsatzung mehr gibt. Auch die Stadtwerke Bielefeld h\u00e4tten sich dieser Richtlinie nun angeschlossen, Ziel sei es, auch Wohnungsgesellschaft ins Boot zu holen. Und die B\u00fcrger. \u201eSie geben uns ja eh schon immer Tipps, wenn ihnen etwas auff\u00e4llt.\u201c Zudem gebe es bereits \u201einoffizielle Patenschaften\u201c, teils in Wohngebieten, wo sich die Anwohner um die B\u00e4ume k\u00fcmmern. Auch einige Kaufleute sorgten daf\u00fcr, dass der Baum vor ihrem Gesch\u00e4ft mehr Unterst\u00fctzung bekommt, als es der\u00a0 Umweltbetrieb leisten k\u00f6nne. (&#8230;) Helfen k\u00f6nnen B\u00fcrger, Gesch\u00e4ftsleute, aber auch Gruppen in Kinderg\u00e4rten, indem sie den Baum ihrer Wahl regelm\u00e4\u00dfig gie\u00dfen, das Umfeld von M\u00fcll, Laub und Wildkrautbewuchs befreien und die sogenannte Baumscheibe mit niedrig wachsenden Blumen bepflanzen. Die Vereinbarung soll mit einem Patenbrief besiegelt werden, diesen kann der Pate jederzeit wieder zur\u00fcckgeben.<\/p>\n<p>Weitere Informationen gibt es bei Jutta Dambrowski, Tel. (05 21) 51 37 82.<br \/>\n<a href=\"http:\/\/www.bielefeld.de\/de\/un\/uagrfr\/bpat\/\">www.umweltbetrieb-bielefeld.de <\/a><\/p>\n<p><strong>Skandal am alten Forstamt in der Dornberger Stra\u00dfe &#8211; Fotos gesucht!<\/strong><\/p>\n<p>Bielefeld, 26.4.2010. Der K\u00e4ufer des Grundst\u00fccks lie\u00df in einer Nacht- und Nebel-Aktion rund 30 B\u00e4ume auf dem waldartigen Grundst\u00fcck f\u00e4llen, darunter einige pr\u00e4chtige Eichen und Buchen.<\/p>\n<p>Wir suchen dringend Nachbarn oder ehem. Forstamt-Mitarbeiter, die noch Fotos von den alten B\u00e4umen haben. Daraus wollen wir eine kleine lokale Ausstellung\u00a0 zusammenstellen. Kontakt: <a href=\"mailto:jens.korff@bund.net\">jens.korff&lt;at&gt;bund.net<\/a><\/p>\n<p><a href=\"http:\/\/www.korfftext.de\/denkmalbaum\/prespi\/Forstamt1.jpg\" target=\"_blank\" rel=\"noopener\">NW-Bericht als JPG<\/a> &#8211; <a href=\"http:\/\/www.korfftext.de\/denkmalbaum\/prespi\/Forstamt1.pdf\" target=\"_blank\" rel=\"noopener\">als PDF<\/a><\/p>\n<p><!--more--><\/p>\n<p><strong>Heimatkalender des Kreises Soest mit Baummotiven<\/strong><\/p>\n<p>Der Kreis Soest ver\u00f6ffentlichte Ende 2009 einen Heimatkalender 2010 mit Fotos von alten und ehrw\u00fcrdigen B\u00e4umen im Kreisgebiet. Meldung bei <a title=\"Heimatkalender Soest mit B\u00e4umen\" href=\"http:\/\/www.hsk-aktuell.de\/kreis-soest-heimatkalender-nimmt-auch-schoene-baeume-ins-visier-20091104.html\">HSK Aktuell<\/a><\/p>\n<p><!--more--><\/p>\n","protected":false},"excerpt":{"rendered":"<p>Sonntag, 7. April 2024: Radtour &#8222;13 B\u00e4che rund um Dornberg und Babenhausen&#8220; Treffpunkt 10 h am Parkplatz des Tierparks Olderdissen Die 22 km lange Tour endet am Meierteich. Leitung: Jens J\u00fcrgen Korff M. A. (Kontakt: jjk@klimakurs.org) Samstag, 4. Mai 2024: Wanderung zu Bielefelds alten B\u00e4umen Rund um den Ostmannturm in Zartgr\u00fcn und Purpur Treffpukt 14 [&hellip;]<\/p>\n","protected":false},"author":1,"featured_media":0,"parent":15,"menu_order":1,"comment_status":"closed","ping_status":"closed","template":"","meta":[],"_links":{"self":[{"href":"https:\/\/www.bielefelder-baeume.de\/index.php?rest_route=\/wp\/v2\/pages\/16"}],"collection":[{"href":"https:\/\/www.bielefelder-baeume.de\/index.php?rest_route=\/wp\/v2\/pages"}],"about":[{"href":"https:\/\/www.bielefelder-baeume.de\/index.php?rest_route=\/wp\/v2\/types\/page"}],"author":[{"embeddable":true,"href":"https:\/\/www.bielefelder-baeume.de\/index.php?rest_route=\/wp\/v2\/users\/1"}],"replies":[{"embeddable":true,"href":"https:\/\/www.bielefelder-baeume.de\/index.php?rest_route=%2Fwp%2Fv2%2Fcomments&post=16"}],"version-history":[{"count":41,"href":"https:\/\/www.bielefelder-baeume.de\/index.php?rest_route=\/wp\/v2\/pages\/16\/revisions"}],"predecessor-version":[{"id":2407,"href":"https:\/\/www.bielefelder-baeume.de\/index.php?rest_route=\/wp\/v2\/pages\/16\/revisions\/2407"}],"up":[{"embeddable":true,"href":"https:\/\/www.bielefelder-baeume.de\/index.php?rest_route=\/wp\/v2\/pages\/15"}],"wp:attachment":[{"href":"https:\/\/www.bielefelder-baeume.de\/index.php?rest_route=%2Fwp%2Fv2%2Fmedia&parent=16"}],"curies":[{"name":"wp","href":"https:\/\/api.w.org\/{rel}","templated":true}]}}